{"id":19,"date":"2024-06-13T16:44:45","date_gmt":"2024-06-13T16:44:45","guid":{"rendered":"https:\/\/mediaklins.com\/olivia\/?page_id=19"},"modified":"2024-06-14T14:30:12","modified_gmt":"2024-06-14T14:30:12","slug":"sobre-mim","status":"publish","type":"page","link":"https:\/\/mediaklins.com\/olivia\/sobre-mim\/","title":{"rendered":""},"content":{"rendered":"\n<p>Uma JANELA aberta onde a cultura \u00e9 a OBRA DE ARTE principal.! ARTE, ARTISTAS e simples TRANSEUNTES tem Exposi\u00e7\u00f5es | Eventos marcados.<\/p>\n","protected":false},"excerpt":{"rendered":"<p>Uma JANELA aberta onde a cultura \u00e9 a OBRA DE ARTE principal.! ARTE, ARTISTAS e simples TRANSEUNTES tem Exposi\u00e7\u00f5es | Eventos marcados.<\/p>\n","protected":false},"author":1,"featured_media":0,"parent":0,"menu_order":0,"comment_status":"closed","ping_status":"closed","template":"","meta":{"footnotes":""},"_links":{"self":[{"href":"https:\/\/mediaklins.com\/olivia\/wp-json\/wp\/v2\/pages\/19"}],"collection":[{"href":"https:\/\/mediaklins.com\/olivia\/wp-json\/wp\/v2\/pages"}],"about":[{"href":"https:\/\/mediaklins.com\/olivia\/wp-json\/wp\/v2\/types\/page"}],"author":[{"embeddable":true,"href":"https:\/\/mediaklins.com\/olivia\/wp-json\/wp\/v2\/users\/1"}],"replies":[{"embeddable":true,"href":"https:\/\/mediaklins.com\/olivia\/wp-json\/wp\/v2\/comments?post=19"}],"version-history":[{"count":2,"href":"https:\/\/mediaklins.com\/olivia\/wp-json\/wp\/v2\/pages\/19\/revisions"}],"predecessor-version":[{"id":104,"href":"https:\/\/mediaklins.com\/olivia\/wp-json\/wp\/v2\/pages\/19\/revisions\/104"}],"wp:attachment":[{"href":"https:\/\/mediaklins.com\/olivia\/wp-json\/wp\/v2\/media?parent=19"}],"curies":[{"name":"wp","href":"https:\/\/api.w.org\/{rel}","templated":true}]}}