{"id":21,"date":"2024-06-13T16:45:06","date_gmt":"2024-06-13T16:45:06","guid":{"rendered":"https:\/\/mediaklins.com\/olivia\/?page_id=21"},"modified":"2024-06-14T14:34:21","modified_gmt":"2024-06-14T14:34:21","slug":"servicos-de-curadoria","status":"publish","type":"page","link":"https:\/\/mediaklins.com\/olivia\/servicos-de-curadoria\/","title":{"rendered":"SERVI\u00c7OS DE CURADORIA"},"content":{"rendered":"\n<p><strong>OL\u00cdVIA DA COSTA. GALLERY,<\/strong><\/p>\n\n\n\n<p>Organizamos exposi\u00e7\u00f5es ou eventos em espa\u00e7os f\u00edsicos e\/ou digital e\/ou virtual, onde a arte seja o fator dominante.<\/p>\n\n\n\n<p>Servi\u00e7os especializados de curadoria, obras de arte de alta qualidade, pre\u00e7os acess\u00edveis \u200b\u200be uma experi\u00eancia excecional de atendimento ao cliente.<\/p>\n","protected":false},"excerpt":{"rendered":"<p>OL\u00cdVIA DA COSTA. GALLERY, Organizamos exposi\u00e7\u00f5es ou eventos em espa\u00e7os f\u00edsicos e\/ou digital e\/ou virtual, onde a arte seja o fator dominante. Servi\u00e7os especializados de curadoria, obras de arte de alta qualidade, pre\u00e7os acess\u00edveis \u200b\u200be uma experi\u00eancia excecional de atendimento ao cliente.<\/p>\n","protected":false},"author":1,"featured_media":0,"parent":0,"menu_order":0,"comment_status":"closed","ping_status":"closed","template":"","meta":{"footnotes":""},"_links":{"self":[{"href":"https:\/\/mediaklins.com\/olivia\/wp-json\/wp\/v2\/pages\/21"}],"collection":[{"href":"https:\/\/mediaklins.com\/olivia\/wp-json\/wp\/v2\/pages"}],"about":[{"href":"https:\/\/mediaklins.com\/olivia\/wp-json\/wp\/v2\/types\/page"}],"author":[{"embeddable":true,"href":"https:\/\/mediaklins.com\/olivia\/wp-json\/wp\/v2\/users\/1"}],"replies":[{"embeddable":true,"href":"https:\/\/mediaklins.com\/olivia\/wp-json\/wp\/v2\/comments?post=21"}],"version-history":[{"count":2,"href":"https:\/\/mediaklins.com\/olivia\/wp-json\/wp\/v2\/pages\/21\/revisions"}],"predecessor-version":[{"id":107,"href":"https:\/\/mediaklins.com\/olivia\/wp-json\/wp\/v2\/pages\/21\/revisions\/107"}],"wp:attachment":[{"href":"https:\/\/mediaklins.com\/olivia\/wp-json\/wp\/v2\/media?parent=21"}],"curies":[{"name":"wp","href":"https:\/\/api.w.org\/{rel}","templated":true}]}}