{"id":35,"date":"2024-06-13T16:47:54","date_gmt":"2024-06-13T16:47:54","guid":{"rendered":"https:\/\/mediaklins.com\/olivia\/?page_id=35"},"modified":"2024-06-14T14:34:41","modified_gmt":"2024-06-14T14:34:41","slug":"trabalhar-com-um-curador","status":"publish","type":"page","link":"https:\/\/mediaklins.com\/olivia\/servicos-de-curadoria\/trabalhar-com-um-curador\/","title":{"rendered":"Trabalhar com um Curador"},"content":{"rendered":"\n<p><strong>Se \u00e9 Colecionador, designer, ou\u2026..<\/strong><\/p>\n\n\n\n<p>Procura um presente diferente, uma obra de arte para a decora\u00e7\u00e3o residencial ou comercial&nbsp; podemos ajud\u00e1-lo a encontrar pe\u00e7as excelentes a pre\u00e7os acess\u00edveis.<\/p>\n\n\n\n<p>Tem duvidas no momento de adquirir uma obra de arte,&nbsp; n\u00e3o sabe se a mesma&nbsp; se enquadra no espa\u00e7o,&nbsp; reflete a personalidade do cliente, se a ilumina\u00e7\u00e3o existente ir\u00e1 valorizar e ressaltar a observa\u00e7\u00e3o e a sua inser\u00e7\u00e3o na decora\u00e7\u00e3o j\u00e1 presente no ambiente, se manter\u00e1 a harmonia e coer\u00eancia na leitura visual do espa\u00e7o, e tantas outras duvidas; temos a solu\u00e7\u00e3o!<\/p>\n\n\n\n<p><strong>Se \u00e9 artista pl\u00e1stico,<\/strong><\/p>\n\n\n\n<p>cria\u00e7\u00e3o de perfil<\/p>\n\n\n\n<p>basta que nos envie a sua biografia, juntamente com o curicculum artistico, mais uma foto de perfil<\/p>\n\n\n\n<p>Elaboramos um plano personalizado de promo\u00e7\u00e3o art\u00edstica, caso o artista assim o deseje.<\/p>\n\n\n\n<p>Organizamos exposi\u00e7\u00f5es individuais ou coletivas tanto em espa\u00e7os f\u00edsicos, como digitais ou virtuais.<\/p>\n\n\n\n<p>Todo evento ou exposi\u00e7\u00e3o tem um regulamento e um pre\u00e7\u00e1rio pr\u00f3prio. Dispon\u00edvel na data de lan\u00e7amento do mesmo.<\/p>\n\n\n\n<p>Para al\u00e9m do nosso plano de atividades definido anualmente no qual pode participar.<\/p>\n\n\n\n<p>N\u00e3o exigimos exclusividade.<\/p>\n","protected":false},"excerpt":{"rendered":"<p>Se \u00e9 Colecionador, designer, ou\u2026.. Procura um presente diferente, uma obra de arte para a decora\u00e7\u00e3o residencial ou comercial&nbsp; podemos ajud\u00e1-lo a encontrar pe\u00e7as excelentes a pre\u00e7os acess\u00edveis. Tem duvidas no momento de adquirir uma obra de arte,&nbsp; n\u00e3o sabe se a mesma&nbsp; se enquadra no espa\u00e7o,&nbsp; reflete a personalidade do cliente, se a ilumina\u00e7\u00e3o [&hellip;]<\/p>\n","protected":false},"author":1,"featured_media":0,"parent":21,"menu_order":1,"comment_status":"closed","ping_status":"closed","template":"","meta":{"footnotes":""},"_links":{"self":[{"href":"https:\/\/mediaklins.com\/olivia\/wp-json\/wp\/v2\/pages\/35"}],"collection":[{"href":"https:\/\/mediaklins.com\/olivia\/wp-json\/wp\/v2\/pages"}],"about":[{"href":"https:\/\/mediaklins.com\/olivia\/wp-json\/wp\/v2\/types\/page"}],"author":[{"embeddable":true,"href":"https:\/\/mediaklins.com\/olivia\/wp-json\/wp\/v2\/users\/1"}],"replies":[{"embeddable":true,"href":"https:\/\/mediaklins.com\/olivia\/wp-json\/wp\/v2\/comments?post=35"}],"version-history":[{"count":2,"href":"https:\/\/mediaklins.com\/olivia\/wp-json\/wp\/v2\/pages\/35\/revisions"}],"predecessor-version":[{"id":108,"href":"https:\/\/mediaklins.com\/olivia\/wp-json\/wp\/v2\/pages\/35\/revisions\/108"}],"up":[{"embeddable":true,"href":"https:\/\/mediaklins.com\/olivia\/wp-json\/wp\/v2\/pages\/21"}],"wp:attachment":[{"href":"https:\/\/mediaklins.com\/olivia\/wp-json\/wp\/v2\/media?parent=35"}],"curies":[{"name":"wp","href":"https:\/\/api.w.org\/{rel}","templated":true}]}}