{"id":37,"date":"2024-06-13T16:48:35","date_gmt":"2024-06-13T16:48:35","guid":{"rendered":"https:\/\/mediaklins.com\/olivia\/?page_id=37"},"modified":"2024-06-14T14:35:13","modified_gmt":"2024-06-14T14:35:13","slug":"regras-de-funcionamento","status":"publish","type":"page","link":"https:\/\/mediaklins.com\/olivia\/servicos-de-curadoria\/trabalhar-com-um-curador\/regras-de-funcionamento\/","title":{"rendered":"Regras de Funcionamento"},"content":{"rendered":"\n<h1 class=\"wp-block-heading\">Regras de funcionamento<\/h1>\n\n\n\n<p>1)&nbsp;Os&nbsp;artistas pl\u00e1sticos&nbsp;| vendedores s\u00e3o respons\u00e1vel pelas obras colocadas \u00e0 venda, bem como de toda a informa\u00e7\u00e3o relativa \u00e0s mesmas.<\/p>\n\n\n\n<p>2)&nbsp;As vendas realizadas atrav\u00e9s do&nbsp;<a href=\"https:\/\/verdeepratacostagalery.wordpress.com\/\">site OL\u00cdVIA DA COSTA. GALLRY<\/a>&nbsp;s\u00e3o efetuadas diretamente entre o artista pl\u00e1stico\/vendedor e o&nbsp;cliente\/comprador. O site \u00e9 apenas intermedi\u00e1rio n\u00e3o revendedor.<\/p>\n\n\n\n<p>3)&nbsp;Caso haja contrato de compra e venda ser\u00e1 sempre entre o&nbsp;artista pl\u00e1stico|vendedor e o cliente\/comprador. Sendo o mesmo o \u00fanico respons\u00e1vel por qualquer obriga\u00e7\u00e3o legal dai advir.<\/p>\n\n\n\n<p>4)&nbsp;O artista pl\u00e1stico | vendedor compromete-se a prestar todas as informa\u00e7\u00f5es sobre a obra de arte caso seja solicitado para o efeito.<\/p>\n\n\n\n<p>5)&nbsp;Todas as obras devem ser identificadas como originais ou reprodu\u00e7\u00f5es.<\/p>\n\n\n\n<p>6)&nbsp;As obras devem ser acompanhadas de Certificado de Autenticidade, com a descri\u00e7\u00e3o da obra de arte: inclu\u00eddo tamanho, t\u00edtulo, materiais, data e pre\u00e7o; caso seja uma reprodu\u00e7\u00e3o deve incluir o n\u00famero total de reprodu\u00e7\u00f5es da mesma. Cada certificado deve ser acompanhado de uma fotografia da obra em quest\u00e3o.<\/p>\n\n\n\n<p>7)&nbsp;O artista pl\u00e1stico deve fornecer recibo da venda da obra ao cliente\/comprador.<\/p>\n\n\n\n<p>8)&nbsp;Se estiver interessado numa obra de arte deve entrar com o site&nbsp;<a href=\"https:\/\/verdeepratacostagalery.wordpress.com\/contato\/\">site OL\u00cdVIA DA COSTA. GALLRY<\/a><\/p>\n\n\n\n<p>9)&nbsp;Caso a obra n\u00e3o esteja dispon\u00edvel o cliente\/comprador ser\u00e1 pelo site informado num prazo de 48h.<\/p>\n\n\n\n<p>10)&nbsp;O pre\u00e7o da obra inclui o IVA \u00e0 taxa legal, e est\u00e1 em \u20ac (euros) moeda em vigor em Portugal continental e Ilhas, exceto as taxas de entrega e embalamento. Permitindo assim tanto ao artista pl\u00e1stico como ao cliente\/comprador negociarem a entrega da mesma.<\/p>\n\n\n\n<p>11)&nbsp;Os custos de entrega e embalamento variam. Est\u00e3o dependendes do tipo de arte, dimens\u00f5es, peso bem como do local de entrega.<\/p>\n\n\n\n<p>18)&nbsp;O pagamento da obra de arte \u00e9 feito por transfer\u00eancia banc\u00e1ria diretamente ao artista pl\u00e1stico|vendedor.<\/p>\n\n\n\n<p>19)&nbsp;A obra s\u00f3 ser\u00e1 entregue depois de confirmado o respetivo pagamento.<\/p>\n\n\n\n<p>20)&nbsp;A obra de arte ser\u00e1 entregue na morada fornecida pelo cliente\/comprador, e pela transportadora ou metedo de entrega escolhido pelo cliente\/comprador. O cliente dever\u00e1 ter em conta os prazos, os procedimentos e os hor\u00e1rios de entrega da transportadora; bem como as condi\u00e7\u00f5es de embalamento solicitadas pela transportadora.<\/p>\n\n\n\n<p>21)&nbsp;O&nbsp;<a href=\"https:\/\/verdeepratacostagalery.wordpress.com\/\">site OL\u00cdVIA DA COSTA. GALLRY<\/a>&nbsp;n\u00e3o se responsabilizam por qualquer dano na obra de arte. Pelo que o cliente\/comprador quando receber a mesma devera verificar o estado da mesma e caso seja da responsabilidade do artista pl\u00e1stico | vendedor informar o&nbsp;<a href=\"https:\/\/verdeepratacostagalery.wordpress.com\/\">site OL\u00cdVIA DA COSTA. GALLRY<\/a>&nbsp;no prazo m\u00e1ximo de 48h que ira transferir para o artista pl\u00e1stico | vendedor. Se se verificar que a responsabilidade \u00e9 da empresa transportadora o cliente\/comprador dever\u00e1 entrar em contado diretamente com a mesma e n\u00e3o com o&nbsp;<a href=\"https:\/\/verdeepratacostagalery.wordpress.com\/\">site OL\u00cdVIA DA COSTA. GALLRY<\/a><\/p>\n\n\n\n<p>22)&nbsp;Em caso de insatisfa\u00e7\u00e3o o comprador tem 14 dias consecutivos come\u00e7ando a contar a partir do dia em que o comprador ou um terceiro (com exe\u00e7\u00e3o se for uma empresa transportadora) indicado pelo cliente\/comprador adquiriu a posse f\u00edsica da obra de arte. Basta para o efeito enviar um email para&nbsp;<a href=\"http:\/\/olivia.da.costa.arq\/\">olivia.da.costa.arq<\/a>&nbsp;.<\/p>\n\n\n\n<p>23)&nbsp;Todos os termos e condi\u00e7\u00f5es gerais de venda ou disputa s\u00e3o regidos pela Lei portuguesa em vigor \u00e0 data da compra.<\/p>\n\n\n\n<p>24)&nbsp;O artista pl\u00e1stico| vendedor garante que \u00e9 o autor da obra, que n\u00e3o viola qualquer lei, regulamento ou norma em vigor nem os direitos de terceiros. Comprometendo-se a proteger o&nbsp;<a href=\"https:\/\/verdeepratacostagalery.wordpress.com\/\">site OL\u00cdVIA DA COSTA. GALLRY<\/a>&nbsp;bem como o cliente\/comprador em caso de qualquer a\u00e7\u00e3o interposta por uma terceira parte.<\/p>\n\n\n\n<p>25)&nbsp;Ap\u00f3s a venda o artista pl\u00e1stico | vendedor cede ao cliente\/comprador o direito de representa\u00e7\u00e3o sobre a sua obra, ficando com os direitos de autor bem como os direitos relativos \u00e0 sua reprodu\u00e7\u00e3o.<\/p>\n\n\n\n<p>26)&nbsp;Todos os dados pessoais tanto do artista pl\u00e1stico | vendedor como do Cliente\/comprador , ser\u00e3o apenas de uso exclusivo da Verde e Prata. Costa Gallery, a n\u00e3o ser que ambas as partes o solicitem por escrito a divulga\u00e7\u00e3o dos mesmos a terceiros.<\/p>\n\n\n\n<p>27)&nbsp;A&nbsp;<a href=\"https:\/\/verdeepratacostagalery.wordpress.com\/\">OL\u00cdVIA DA COSTA. GALLRY<\/a>&nbsp;reserva-se o direito de modificar, a qualquer momento as regras de funcionamento comunicando nas suas redes sociais, sempre que tiver que fazer alguma altera\u00e7\u00e3o de carater jur\u00eddico.<\/p>\n\n\n\n<p>28)&nbsp;A&nbsp;<a href=\"https:\/\/verdeepratacostagalery.wordpress.com\/\">OL\u00cdVIA DA COSTA. GALLRY<\/a>&nbsp;oferece um servi\u00e7o de curadoria e curadoria digital com: exposi\u00e7\u00f5es digitais e virtuais, catalogos digitais, perfil dos artistas pl\u00e1sticos | vendedores, hospedagem dos artistas pl\u00e1sticos | vendedores, entre outros.<\/p>\n\n\n\n<p>29)&nbsp;A utiliza\u00e7\u00e3o do&nbsp;<a href=\"https:\/\/verdeepratacostagalery.wordpress.com\/\">site OL\u00cdVIA DA COSTA. GALLRY<\/a>&nbsp;implica a aceita\u00e7\u00e3o destas regras.<\/p>\n\n\n\n<p>30)&nbsp;O acesso ao&nbsp;<a href=\"https:\/\/verdeepratacostagalery.wordpress.com\/\">site OL\u00cdVIA DA COSTA. GALLRY<\/a>&nbsp;\u00e9 gratuita, e pode ser acessado por qualquer pessoa desde que tenha conex\u00e3o \u00e0 Internet. As despesas (Internet, hardoware, entre outras) incorridas pelo Usu\u00e1rio para acessar o&nbsp;<a href=\"https:\/\/verdeepratacostagalery.wordpress.com\/\">site OL\u00cdVIA DA COSTA. GALLRY<\/a>&nbsp;s\u00e3o da sua responsabilidade.<\/p>\n\n\n\n<p>31)&nbsp;A&nbsp;<a href=\"https:\/\/verdeepratacostagalery.wordpress.com\/\">OL\u00cdVIA DA COSTA. GALLRY<\/a>&nbsp;\u00e9 a propriet\u00e1ria exclusiva de todos os direitos de propriedade inteletual, desenvolvido no&nbsp;<a href=\"https:\/\/verdeepratacostagalery.wordpress.com\/\">site OL\u00cdVIA DA COSTA. GALLRY<\/a>&nbsp;e seu conte\u00fado apesar de n\u00e3o descriminado a menos que espessamente mencionado de outra forma e s\u00e3o protegidos pelas disposi\u00e7\u00f5es da Lei dos Direitos Autorais, Patentes, Marcas, entre outras vigente em Portugal<\/p>\n\n\n\n<p>32)&nbsp;A&nbsp;<a href=\"https:\/\/verdeepratacostagalery.wordpress.com\/\">OL\u00cdVIA DA COSTA. GALLRY<\/a>&nbsp;n\u00e3o se responsabiliza pela interru\u00e7\u00e3o da opera\u00e7\u00e3o do site ou incapacidade de acess\u00e1-lo, ou condi\u00e7\u00f5es adversas do uso do site, qualquer perda de dados, tempo, \u2026.<\/p>\n\n\n\n<p>33)&nbsp;A&nbsp;<a href=\"https:\/\/verdeepratacostagalery.wordpress.com\/\">OL\u00cdVIA DA COSTA. GALLRY<\/a>&nbsp;reserva-se o direito de alterar as regras com o artista pl\u00e1stico | vendedor ou cliente\/comprador desde que ambas as partes estejam de acordo.<\/p>\n\n\n\n<p>34)&nbsp;Em tudo o que for omisso aplica-se a legisla\u00e7\u00e3o em vigor em Portugal.<\/p>\n","protected":false},"excerpt":{"rendered":"<p>Regras de funcionamento 1)&nbsp;Os&nbsp;artistas pl\u00e1sticos&nbsp;| vendedores s\u00e3o respons\u00e1vel pelas obras colocadas \u00e0 venda, bem como de toda a informa\u00e7\u00e3o relativa \u00e0s mesmas. 2)&nbsp;As vendas realizadas atrav\u00e9s do&nbsp;site OL\u00cdVIA DA COSTA. GALLRY&nbsp;s\u00e3o efetuadas diretamente entre o artista pl\u00e1stico\/vendedor e o&nbsp;cliente\/comprador. O site \u00e9 apenas intermedi\u00e1rio n\u00e3o revendedor. 3)&nbsp;Caso haja contrato de compra e venda ser\u00e1 sempre [&hellip;]<\/p>\n","protected":false},"author":1,"featured_media":0,"parent":35,"menu_order":1,"comment_status":"closed","ping_status":"closed","template":"","meta":{"footnotes":""},"_links":{"self":[{"href":"https:\/\/mediaklins.com\/olivia\/wp-json\/wp\/v2\/pages\/37"}],"collection":[{"href":"https:\/\/mediaklins.com\/olivia\/wp-json\/wp\/v2\/pages"}],"about":[{"href":"https:\/\/mediaklins.com\/olivia\/wp-json\/wp\/v2\/types\/page"}],"author":[{"embeddable":true,"href":"https:\/\/mediaklins.com\/olivia\/wp-json\/wp\/v2\/users\/1"}],"replies":[{"embeddable":true,"href":"https:\/\/mediaklins.com\/olivia\/wp-json\/wp\/v2\/comments?post=37"}],"version-history":[{"count":2,"href":"https:\/\/mediaklins.com\/olivia\/wp-json\/wp\/v2\/pages\/37\/revisions"}],"predecessor-version":[{"id":109,"href":"https:\/\/mediaklins.com\/olivia\/wp-json\/wp\/v2\/pages\/37\/revisions\/109"}],"up":[{"embeddable":true,"href":"https:\/\/mediaklins.com\/olivia\/wp-json\/wp\/v2\/pages\/35"}],"wp:attachment":[{"href":"https:\/\/mediaklins.com\/olivia\/wp-json\/wp\/v2\/media?parent=37"}],"curies":[{"name":"wp","href":"https:\/\/api.w.org\/{rel}","templated":true}]}}